{"id":8763,"date":"2025-12-01T23:12:08","date_gmt":"2025-12-01T22:12:08","guid":{"rendered":"https:\/\/americaandina.com\/?page_id=8763"},"modified":"2025-12-01T23:14:18","modified_gmt":"2025-12-01T22:14:18","slug":"esnna","status":"publish","type":"page","link":"https:\/\/americaandina.com\/en\/esnna\/","title":{"rendered":"ESNNA"},"content":{"rendered":"<p><\/p>\n\n\n\n<h1 class=\"wp-block-heading\" id=\"h-compromiso-institucional-contra-la-explotacion-sexual-de-ninas-ninos-y-adolescentes-esnna\"><strong>Institutional commitment against Sexual Exploitation of Children and Adolescents (ESNNA)<\/strong><\/h1>\n\n\n\n<h3 class=\"wp-block-heading\" id=\"h-politica-de-proteccion-y-actuacion-responsable-ley-n-\u00ba-29408\"><strong>Policy of Protection and Responsible Action \u2013 Law N. \u00ba 29408<\/strong><\/h3>\n\n\n\n<p>In America, Andean BG, we reaffirm our absolute commitment to the\u00a0<strong>advocacy, promotion and protection of the rights of children and adolescents<\/strong>. As a tourist establishment, we act in strict compliance with the\u00a0<strong>Law N. \u00ba 29408 \u2013 Law General of Tourism<\/strong>, its regulation, and all of the current rules which penalize and prevent the\u00a0<strong>Sexual exploitation of Children and Adolescents (ESNNA)<\/strong>.<\/p>\n\n\n\n<p>The Law 29408 establishes the obligation of all providers of tourist services&nbsp;<strong>promote responsible tourism<\/strong>ensuring the security, integrity and dignity of persons under age. In addition, the legislation required to implement measures of prevention, detection and reporting immediately to any situation suspicious.<\/p>\n\n\n\n<hr class=\"wp-block-separator has-alpha-channel-opacity\"\/>\n\n\n\n<h3 class=\"wp-block-heading\" id=\"h-1-nuestro-marco-legal-y-normativo\"><strong>1. Our Legal and Regulatory Framework<\/strong><\/h3>\n\n\n\n<p>In alignment with the Law 29408, our facility complies with:<\/p>\n\n\n\n<h4 class=\"wp-block-heading\" id=\"h-codigo-de-conducta-para-la-proteccion-de-ninas-ninos-y-adolescentes-en-el-ambito-del-turismo\"><strong>\u2713 Code of Conduct for the Protection of Children and Adolescents in the Field of Tourism<\/strong><\/h4>\n\n\n\n<p>Instrument promoted by MINCETUR that forces you to hotels, agencies, and tour operators to implement preventive actions against the ESNNA.<\/p>\n\n\n\n<h4 class=\"wp-block-heading\" id=\"h-codigo-penal-peruano-articulos-181-a-181-b-182-y-183-a\"><strong>\u2713 Criminal code \u2013 Peruvian Articles 181-A, 181-B, 182 and 183-To<\/strong><\/h4>\n\n\n\n<p>Criminalize the exploitation and trafficking of minors, as well as the promotion, promotion, or concealment of these crimes.<\/p>\n\n\n\n<h4 class=\"wp-block-heading\" id=\"h-ley-30403-prohibicion-de-publicidad-promocion-y-favorecimiento-del-turismo-sexual\"><strong>\u2713 Law 30403 \u2013 Ban on Advertising, Promotion and Promotion of Sex Tourism<\/strong><\/h4>\n\n\n\n<p>It reinforces the protection of minors in tourist areas.<\/p>\n\n\n\n<p>In compliance with these laws, our staff is trained to identify warning signs, act immediately and coordinate with the relevant authorities.<\/p>\n\n\n\n<hr class=\"wp-block-separator has-alpha-channel-opacity\"\/>\n\n\n\n<h3 class=\"wp-block-heading\" id=\"h-2-medidas-preventivas-implementadas-en-nuestro-establecimiento\"><strong>2. Preventive measures Implemented in Our Establishment<\/strong><\/h3>\n\n\n\n<p><\/p>\n\n\n\n<h4 class=\"wp-block-heading\" id=\"h-tolerancia-cero\"><strong>\u2022 Zero Tolerance<\/strong><\/h4>\n\n\n\n<p>We do not allow, under any circumstances, sexual exploitation, trafficking, abuse or any infringement of the rights of minors, within or outside the establishment.<\/p>\n\n\n\n<h4 class=\"wp-block-heading\" id=\"h-identificacion-obligatoria\"><strong>\u2022 Mandatory Identification<\/strong><\/h4>\n\n\n\n<p>According to the Law 29408 and regulations hospitality peruvian, all guests must present an official document of identity.<\/p>\n\n\n\n<p>The admission of girls, children, or adolescents&nbsp;<strong>only<\/strong>&nbsp;allowed if they are accompanied by their parents, legal guardian, or an adult with&nbsp;<strong>written and validated<\/strong>.<\/p>\n\n\n\n<h4 class=\"wp-block-heading\" id=\"h-rechazo-de-servicios-a-personas-sospechosas\"><strong>\u2022 Denial of Services to those Suspected<\/strong><\/h4>\n\n\n\n<p>We reserve the right of admission to&nbsp;<strong>to prevent situations of risk<\/strong>, being able to refuse accommodation or access to visitors if detected signs of inappropriate behavior toward minors.<\/p>\n\n\n\n<h4 class=\"wp-block-heading\" id=\"h-procedimiento-de-denuncia-inmediata\"><strong>\u2022 Procedure of Immediate Denunciation<\/strong><\/h4>\n\n\n\n<p>Before a fact or reasonable suspicion of ESNNA:<\/p>\n\n\n\n<ul class=\"wp-block-list\">\n<li>It activates our\u00a0<strong>Internal protocol Alert<\/strong>.<\/li>\n\n\n\n<li>Are reported immediately to the\u00a0<strong>National police of Peru (PNP)<\/strong>\u00a0and the\u00a0<strong>Ministry of Women and Vulnerable Populations (MIMP)<\/strong>.<\/li>\n\n\n\n<li>It guarantees the protection of the child involved, prioritizing their physical and emotional.<\/li>\n<\/ul>\n\n\n\n<h4 class=\"wp-block-heading\" id=\"h-capacitacion-permanente-al-personal\"><strong>\u2022 Ongoing training for Staff<\/strong><\/h4>\n\n\n\n<p>Our entire team participates in training programs on:<\/p>\n\n\n\n<ul class=\"wp-block-list\">\n<li>Identification of risk indicators.<\/li>\n\n\n\n<li>Legal proceedings and complaints.<\/li>\n\n\n\n<li>Good practice of responsible attention to the tourist.<\/li>\n\n\n\n<li>Guidelines MINCETUR to prevent the ESNNA.<\/li>\n<\/ul>\n\n\n\n<hr class=\"wp-block-separator has-alpha-channel-opacity\"\/>\n\n\n\n<h3 class=\"wp-block-heading\" id=\"h-3-responsabilidad-social-y-trabajo-conjunto\"><strong>3. Social responsibility and Working Together<\/strong><\/h3>\n\n\n\n<p>Following the spirit of the Law 29408, we promote tourism&nbsp;<strong>ethical, responsible, and safe<\/strong>, articulating actions with:<\/p>\n\n\n\n<ul class=\"wp-block-list\">\n<li>MINCETUR<\/li>\n\n\n\n<li>Tourism police<\/li>\n\n\n\n<li>MIMP<\/li>\n\n\n\n<li>Municipalities and local authorities<\/li>\n\n\n\n<li>Organizations dedicated to the defense of childhood<\/li>\n<\/ul>\n\n\n\n<p>Our commitment is to be an active part in the construction of a protective environment for all children and to reject any form of exploitation or abuse.<\/p>\n\n\n\n<hr class=\"wp-block-separator has-alpha-channel-opacity\"\/>\n\n\n\n<h3 class=\"wp-block-heading\" id=\"h-4-mensaje-a-nuestros-huespedes\"><strong>4. Message to Our Guests<\/strong><\/h3>\n\n\n\n<p>The protection of children and adolescents is a shared responsibility.<\/p>\n\n\n\n<p>We ask that, if you notice any unusual situation or alleged to be risky, report it immediately to our staff. Their collaboration helps to prevent crime and to preserve a safe environment for all.<\/p>\n\n\n\n<p><\/p>","protected":false},"excerpt":{"rendered":"<p>Compromiso Institucional contra la Explotaci\u00f3n Sexual de Ni\u00f1as, Ni\u00f1os y Adolescentes (ESNNA) Pol\u00edtica de Protecci\u00f3n y Actuaci\u00f3n Responsable \u2013 Ley N.\u00ba 29408 En America Andina BG, reafirmamos nuestro compromiso absoluto con la\u00a0defensa, promoci\u00f3n y protecci\u00f3n de los derechos de ni\u00f1as, ni\u00f1os y adolescentes. Como establecimiento tur\u00edstico, actuamos en estricto cumplimiento de la\u00a0Ley N.\u00ba 29408 \u2013 [&hellip;]<\/p>\n","protected":false},"author":1,"featured_media":0,"parent":0,"menu_order":0,"comment_status":"closed","ping_status":"closed","template":"","meta":{"footnotes":""},"class_list":["post-8763","page","type-page","status-publish","hentry"],"yoast_head":"<!-- This site is optimized with the Yoast SEO Premium plugin v26.8 (Yoast SEO v26.8) - https:\/\/yoast.com\/product\/yoast-seo-premium-wordpress\/ -->\n<title>ESNNA - America Andina<\/title>\n<meta name=\"robots\" content=\"index, follow, max-snippet:-1, max-image-preview:large, max-video-preview:-1\" \/>\n<link rel=\"canonical\" href=\"https:\/\/americaandina.com\/en\/esnna\/\" \/>\n<meta property=\"og:locale\" content=\"en_US\" \/>\n<meta property=\"og:type\" content=\"article\" \/>\n<meta property=\"og:title\" content=\"ESNNA\" \/>\n<meta property=\"og:description\" content=\"Compromiso Institucional contra la Explotaci\u00f3n Sexual de Ni\u00f1as, Ni\u00f1os y Adolescentes (ESNNA) Pol\u00edtica de Protecci\u00f3n y Actuaci\u00f3n Responsable \u2013 Ley N.\u00ba 29408 En America Andina BG, reafirmamos nuestro compromiso absoluto con la\u00a0defensa, promoci\u00f3n y protecci\u00f3n de los derechos de ni\u00f1as, ni\u00f1os y adolescentes. Como establecimiento tur\u00edstico, actuamos en estricto cumplimiento de la\u00a0Ley N.\u00ba 29408 \u2013 [&hellip;]\" \/>\n<meta property=\"og:url\" content=\"https:\/\/americaandina.com\/en\/esnna\/\" \/>\n<meta property=\"og:site_name\" content=\"America Andina\" \/>\n<meta property=\"article:publisher\" content=\"https:\/\/www.facebook.com\/AmericaAndina.Peru\/\" \/>\n<meta property=\"article:modified_time\" content=\"2025-12-01T22:14:18+00:00\" \/>\n<meta name=\"twitter:card\" content=\"summary_large_image\" \/>\n<meta name=\"twitter:label1\" content=\"Est. reading time\" \/>\n\t<meta name=\"twitter:data1\" content=\"3 minutes\" \/>\n<script type=\"application\/ld+json\" class=\"yoast-schema-graph\">{\"@context\":\"https:\/\/schema.org\",\"@graph\":[{\"@type\":\"WebPage\",\"@id\":\"https:\/\/americaandina.com\/esnna\/\",\"url\":\"https:\/\/americaandina.com\/esnna\/\",\"name\":\"ESNNA - America Andina\",\"isPartOf\":{\"@id\":\"https:\/\/americaandina.com\/#website\"},\"datePublished\":\"2025-12-01T22:12:08+00:00\",\"dateModified\":\"2025-12-01T22:14:18+00:00\",\"breadcrumb\":{\"@id\":\"https:\/\/americaandina.com\/esnna\/#breadcrumb\"},\"inLanguage\":\"en-US\",\"potentialAction\":[{\"@type\":\"ReadAction\",\"target\":[\"https:\/\/americaandina.com\/esnna\/\"]}]},{\"@type\":\"BreadcrumbList\",\"@id\":\"https:\/\/americaandina.com\/esnna\/#breadcrumb\",\"itemListElement\":[{\"@type\":\"ListItem\",\"position\":1,\"name\":\"Portada\",\"item\":\"https:\/\/americaandina.com\/\"},{\"@type\":\"ListItem\",\"position\":2,\"name\":\"ESNNA\"}]},{\"@type\":\"WebSite\",\"@id\":\"https:\/\/americaandina.com\/#website\",\"url\":\"https:\/\/americaandina.com\/\",\"name\":\"America Andina\",\"description\":\"Tour Operador\",\"publisher\":{\"@id\":\"https:\/\/americaandina.com\/#organization\"},\"potentialAction\":[{\"@type\":\"SearchAction\",\"target\":{\"@type\":\"EntryPoint\",\"urlTemplate\":\"https:\/\/americaandina.com\/?s={search_term_string}\"},\"query-input\":{\"@type\":\"PropertyValueSpecification\",\"valueRequired\":true,\"valueName\":\"search_term_string\"}}],\"inLanguage\":\"en-US\"},{\"@type\":\"Organization\",\"@id\":\"https:\/\/americaandina.com\/#organization\",\"name\":\"America Andina\",\"url\":\"https:\/\/americaandina.com\/\",\"logo\":{\"@type\":\"ImageObject\",\"inLanguage\":\"en-US\",\"@id\":\"https:\/\/americaandina.com\/#\/schema\/logo\/image\/\",\"url\":\"https:\/\/americaandina.com\/wp-content\/uploads\/2025\/09\/cropped-AMERICA-WEB-3.png\",\"contentUrl\":\"https:\/\/americaandina.com\/wp-content\/uploads\/2025\/09\/cropped-AMERICA-WEB-3.png\",\"width\":512,\"height\":512,\"caption\":\"America Andina\"},\"image\":{\"@id\":\"https:\/\/americaandina.com\/#\/schema\/logo\/image\/\"},\"sameAs\":[\"https:\/\/www.facebook.com\/AmericaAndina.Peru\/\",\"https:\/\/www.instagram.com\/americaandina\/\"]}]}<\/script>\n<!-- \/ Yoast SEO Premium plugin. -->","yoast_head_json":{"title":"ESNNA - America Andina","robots":{"index":"index","follow":"follow","max-snippet":"max-snippet:-1","max-image-preview":"max-image-preview:large","max-video-preview":"max-video-preview:-1"},"canonical":"https:\/\/americaandina.com\/en\/esnna\/","og_locale":"en_US","og_type":"article","og_title":"ESNNA","og_description":"Compromiso Institucional contra la Explotaci\u00f3n Sexual de Ni\u00f1as, Ni\u00f1os y Adolescentes (ESNNA) Pol\u00edtica de Protecci\u00f3n y Actuaci\u00f3n Responsable \u2013 Ley N.\u00ba 29408 En America Andina BG, reafirmamos nuestro compromiso absoluto con la\u00a0defensa, promoci\u00f3n y protecci\u00f3n de los derechos de ni\u00f1as, ni\u00f1os y adolescentes. Como establecimiento tur\u00edstico, actuamos en estricto cumplimiento de la\u00a0Ley N.\u00ba 29408 \u2013 [&hellip;]","og_url":"https:\/\/americaandina.com\/en\/esnna\/","og_site_name":"America Andina","article_publisher":"https:\/\/www.facebook.com\/AmericaAndina.Peru\/","article_modified_time":"2025-12-01T22:14:18+00:00","twitter_card":"summary_large_image","twitter_misc":{"Est. reading time":"3 minutes"},"schema":{"@context":"https:\/\/schema.org","@graph":[{"@type":"WebPage","@id":"https:\/\/americaandina.com\/esnna\/","url":"https:\/\/americaandina.com\/esnna\/","name":"ESNNA - America Andina","isPartOf":{"@id":"https:\/\/americaandina.com\/#website"},"datePublished":"2025-12-01T22:12:08+00:00","dateModified":"2025-12-01T22:14:18+00:00","breadcrumb":{"@id":"https:\/\/americaandina.com\/esnna\/#breadcrumb"},"inLanguage":"en-US","potentialAction":[{"@type":"ReadAction","target":["https:\/\/americaandina.com\/esnna\/"]}]},{"@type":"BreadcrumbList","@id":"https:\/\/americaandina.com\/esnna\/#breadcrumb","itemListElement":[{"@type":"ListItem","position":1,"name":"Portada","item":"https:\/\/americaandina.com\/"},{"@type":"ListItem","position":2,"name":"ESNNA"}]},{"@type":"WebSite","@id":"https:\/\/americaandina.com\/#website","url":"https:\/\/americaandina.com\/","name":"America Andina","description":"Tour Operator","publisher":{"@id":"https:\/\/americaandina.com\/#organization"},"potentialAction":[{"@type":"SearchAction","target":{"@type":"EntryPoint","urlTemplate":"https:\/\/americaandina.com\/?s={search_term_string}"},"query-input":{"@type":"PropertyValueSpecification","valueRequired":true,"valueName":"search_term_string"}}],"inLanguage":"en-US"},{"@type":"Organization","@id":"https:\/\/americaandina.com\/#organization","name":"America Andina","url":"https:\/\/americaandina.com\/","logo":{"@type":"ImageObject","inLanguage":"en-US","@id":"https:\/\/americaandina.com\/#\/schema\/logo\/image\/","url":"https:\/\/americaandina.com\/wp-content\/uploads\/2025\/09\/cropped-AMERICA-WEB-3.png","contentUrl":"https:\/\/americaandina.com\/wp-content\/uploads\/2025\/09\/cropped-AMERICA-WEB-3.png","width":512,"height":512,"caption":"America Andina"},"image":{"@id":"https:\/\/americaandina.com\/#\/schema\/logo\/image\/"},"sameAs":["https:\/\/www.facebook.com\/AmericaAndina.Peru\/","https:\/\/www.instagram.com\/americaandina\/"]}]}},"jetpack_sharing_enabled":true,"_links":{"self":[{"href":"https:\/\/americaandina.com\/en\/wp-json\/wp\/v2\/pages\/8763","targetHints":{"allow":["GET"]}}],"collection":[{"href":"https:\/\/americaandina.com\/en\/wp-json\/wp\/v2\/pages"}],"about":[{"href":"https:\/\/americaandina.com\/en\/wp-json\/wp\/v2\/types\/page"}],"author":[{"embeddable":true,"href":"https:\/\/americaandina.com\/en\/wp-json\/wp\/v2\/users\/1"}],"replies":[{"embeddable":true,"href":"https:\/\/americaandina.com\/en\/wp-json\/wp\/v2\/comments?post=8763"}],"version-history":[{"count":3,"href":"https:\/\/americaandina.com\/en\/wp-json\/wp\/v2\/pages\/8763\/revisions"}],"predecessor-version":[{"id":8767,"href":"https:\/\/americaandina.com\/en\/wp-json\/wp\/v2\/pages\/8763\/revisions\/8767"}],"wp:attachment":[{"href":"https:\/\/americaandina.com\/en\/wp-json\/wp\/v2\/media?parent=8763"}],"curies":[{"name":"wp","href":"https:\/\/api.w.org\/{rel}","templated":true}]}}