{"id":8667,"date":"2025-10-07T04:24:55","date_gmt":"2025-10-07T02:24:55","guid":{"rendered":"https:\/\/americaandina.com\/?page_id=8667"},"modified":"2025-10-07T04:29:42","modified_gmt":"2025-10-07T02:29:42","slug":"luxury","status":"publish","type":"page","link":"https:\/\/americaandina.com\/en\/luxury\/","title":{"rendered":"Luxury"},"content":{"rendered":"<div data-elementor-type=\"wp-page\" data-elementor-id=\"8667\" class=\"elementor elementor-8667\" data-elementor-post-type=\"page\">\n\t\t\t\t<div class=\"elementor-element elementor-element-d3d6412 e-con-full e-flex e-con e-parent\" data-id=\"d3d6412\" data-element_type=\"container\" data-e-type=\"container\" data-settings=\"{&quot;background_background&quot;:&quot;classic&quot;}\">\n\t\t<div class=\"elementor-element elementor-element-8b096ab e-con-full e-flex e-con e-child\" data-id=\"8b096ab\" data-element_type=\"container\" data-e-type=\"container\">\n\t\t\t\t<div class=\"elementor-element elementor-element-f6f7330 elementor-widget elementor-widget-heading\" data-id=\"f6f7330\" data-element_type=\"widget\" data-e-type=\"widget\" data-widget_type=\"heading.default\">\n\t\t\t\t\t<h1 class=\"elementor-heading-title elementor-size-default\">Viaja con el m\u00e1ximo lujo <br>&amp; comodidad<\/h1>\t\t\t\t<\/div>\n\t\t\t\t<div class=\"elementor-element elementor-element-ed74a59 elementor-widget elementor-widget-text-editor\" data-id=\"ed74a59\" data-element_type=\"widget\" data-e-type=\"widget\" data-widget_type=\"text-editor.default\">\n\t\t\t\t\t\t\t\t\t<p class=\"p1\">Descubre una nueva forma de viajar, donde cada detalle est\u00e1 dise\u00f1ado para superar tus expectativas. Desde traslados privados y hoteles exclusivos hasta experiencias personalizadas en los destinos m\u00e1s cautivadores del mundo, disfruta del confort absoluto y la atenci\u00f3n que solo una agencia de viajes de lujo puede ofrecerte. Perm\u00edtenos transformar tu viaje en una experiencia \u00fanica, sofisticada y sin preocupaciones.<\/p>\t\t\t\t\t\t\t\t<\/div>\n\t\t\t\t<div class=\"elementor-element elementor-element-9e26e0e elementor-widget elementor-widget-spacer\" data-id=\"9e26e0e\" data-element_type=\"widget\" data-e-type=\"widget\" data-widget_type=\"spacer.default\">\n\t\t\t\t\t\t\t<div class=\"elementor-spacer\">\n\t\t\t<div class=\"elementor-spacer-inner\"><\/div>\n\t\t<\/div>\n\t\t\t\t\t\t<\/div>\n\t\t\t\t<div class=\"elementor-element elementor-element-054a0b8 elementor-widget elementor-widget-image\" data-id=\"054a0b8\" data-element_type=\"widget\" data-e-type=\"widget\" data-widget_type=\"image.default\">\n\t\t\t\t\t\t\t\t\t\t\t\t\t\t\t<img fetchpriority=\"high\" decoding=\"async\" width=\"630\" height=\"588\" src=\"https:\/\/americaandina.com\/wp-content\/uploads\/2022\/07\/location7.jpg\" class=\"attachment-2048x2048 size-2048x2048 wp-image-6546\" alt=\"\" srcset=\"https:\/\/americaandina.com\/wp-content\/uploads\/2022\/07\/location7.jpg 630w, https:\/\/americaandina.com\/wp-content\/uploads\/2022\/07\/location7-300x280.jpg 300w\" sizes=\"(max-width: 630px) 100vw, 630px\" \/>\t\t\t\t\t\t\t\t\t\t\t\t\t\t\t<\/div>\n\t\t\t\t<div class=\"elementor-element elementor-element-edb1a12 elementor-widget elementor-widget-spacer\" data-id=\"edb1a12\" data-element_type=\"widget\" data-e-type=\"widget\" data-widget_type=\"spacer.default\">\n\t\t\t\t\t\t\t<div class=\"elementor-spacer\">\n\t\t\t<div class=\"elementor-spacer-inner\"><\/div>\n\t\t<\/div>\n\t\t\t\t\t\t<\/div>\n\t\t\t\t<div class=\"elementor-element elementor-element-0153f88 elementor-widget elementor-widget-spacer\" data-id=\"0153f88\" data-element_type=\"widget\" data-e-type=\"widget\" data-widget_type=\"spacer.default\">\n\t\t\t\t\t\t\t<div class=\"elementor-spacer\">\n\t\t\t<div class=\"elementor-spacer-inner\"><\/div>\n\t\t<\/div>\n\t\t\t\t\t\t<\/div>\n\t\t\t\t<div class=\"elementor-element elementor-element-2f50c92 elementor-widget elementor-widget-heading\" data-id=\"2f50c92\" data-element_type=\"widget\" data-e-type=\"widget\" data-widget_type=\"heading.default\">\n\t\t\t\t\t<h1 class=\"elementor-heading-title elementor-size-default\">Servicio premium y atenci\u00f3n al detalle<\/h1>\t\t\t\t<\/div>\n\t\t\t\t<div class=\"elementor-element elementor-element-bc64691 elementor-widget elementor-widget-text-editor\" data-id=\"bc64691\" data-element_type=\"widget\" data-e-type=\"widget\" data-widget_type=\"text-editor.default\">\n\t\t\t\t\t\t\t\t\t<p class=\"p1\">Un equipo especializado se encarga de cada aspecto del viaje \u2014reservas, traslados, asistencia 24\/7\u2014 para que el viajero no tenga que preocuparse por nada. Cada detalle se anticipa y se resuelve con discreci\u00f3n y eficiencia.<\/p>\t\t\t\t\t\t\t\t<\/div>\n\t\t\t\t<div class=\"elementor-element elementor-element-9a44f47 elementor-widget elementor-widget-spacer\" data-id=\"9a44f47\" data-element_type=\"widget\" data-e-type=\"widget\" data-widget_type=\"spacer.default\">\n\t\t\t\t\t\t\t<div class=\"elementor-spacer\">\n\t\t\t<div class=\"elementor-spacer-inner\"><\/div>\n\t\t<\/div>\n\t\t\t\t\t\t<\/div>\n\t\t\t\t<div class=\"elementor-element elementor-element-abf3184 elementor-widget elementor-widget-image\" data-id=\"abf3184\" data-element_type=\"widget\" data-e-type=\"widget\" data-widget_type=\"image.default\">\n\t\t\t\t\t\t\t\t\t\t\t\t\t\t\t<img fetchpriority=\"high\" decoding=\"async\" width=\"630\" height=\"588\" src=\"https:\/\/americaandina.com\/wp-content\/uploads\/2022\/07\/location7.jpg\" class=\"attachment-2048x2048 size-2048x2048 wp-image-6546\" alt=\"\" srcset=\"https:\/\/americaandina.com\/wp-content\/uploads\/2022\/07\/location7.jpg 630w, https:\/\/americaandina.com\/wp-content\/uploads\/2022\/07\/location7-300x280.jpg 300w\" sizes=\"(max-width: 630px) 100vw, 630px\" \/>\t\t\t\t\t\t\t\t\t\t\t\t\t\t\t<\/div>\n\t\t\t\t<\/div>\n\t\t<div class=\"elementor-element elementor-element-4748d30 e-con-full e-flex e-con e-child\" data-id=\"4748d30\" data-element_type=\"container\" data-e-type=\"container\">\n\t\t\t\t<div class=\"elementor-element elementor-element-d2b4885 elementor-widget elementor-widget-image\" data-id=\"d2b4885\" data-element_type=\"widget\" data-e-type=\"widget\" data-widget_type=\"image.default\">\n\t\t\t\t\t\t\t\t\t\t\t\t\t\t\t<img fetchpriority=\"high\" decoding=\"async\" width=\"630\" height=\"588\" src=\"https:\/\/americaandina.com\/wp-content\/uploads\/2022\/07\/location7.jpg\" class=\"attachment-2048x2048 size-2048x2048 wp-image-6546\" alt=\"\" srcset=\"https:\/\/americaandina.com\/wp-content\/uploads\/2022\/07\/location7.jpg 630w, https:\/\/americaandina.com\/wp-content\/uploads\/2022\/07\/location7-300x280.jpg 300w\" sizes=\"(max-width: 630px) 100vw, 630px\" \/>\t\t\t\t\t\t\t\t\t\t\t\t\t\t\t<\/div>\n\t\t\t\t<div class=\"elementor-element elementor-element-7f9aeb8 elementor-widget elementor-widget-spacer\" data-id=\"7f9aeb8\" data-element_type=\"widget\" data-e-type=\"widget\" data-widget_type=\"spacer.default\">\n\t\t\t\t\t\t\t<div class=\"elementor-spacer\">\n\t\t\t<div class=\"elementor-spacer-inner\"><\/div>\n\t\t<\/div>\n\t\t\t\t\t\t<\/div>\n\t\t\t\t<div class=\"elementor-element elementor-element-6fb8ff6 elementor-widget elementor-widget-heading\" data-id=\"6fb8ff6\" data-element_type=\"widget\" data-e-type=\"widget\" data-widget_type=\"heading.default\">\n\t\t\t\t\t<h1 class=\"elementor-heading-title elementor-size-default\">Experiencias personalizadas y exclusivas<\/h1>\t\t\t\t<\/div>\n\t\t\t\t<div class=\"elementor-element elementor-element-9070903 elementor-widget elementor-widget-text-editor\" data-id=\"9070903\" data-element_type=\"widget\" data-e-type=\"widget\" data-widget_type=\"text-editor.default\">\n\t\t\t\t\t\t\t\t\t<p class=\"p1\">Cada viaje se dise\u00f1a a la medida, considerando los gustos, intereses y estilo de cada viajero. Desde hospedajes boutique hasta actividades privadas en destinos \u00fanicos, todo se planifica con un enfoque en la exclusividad y el confort.<\/p>\t\t\t\t\t\t\t\t<\/div>\n\t\t\t\t<div class=\"elementor-element elementor-element-85959e6 elementor-widget elementor-widget-spacer\" data-id=\"85959e6\" data-element_type=\"widget\" data-e-type=\"widget\" data-widget_type=\"spacer.default\">\n\t\t\t\t\t\t\t<div class=\"elementor-spacer\">\n\t\t\t<div class=\"elementor-spacer-inner\"><\/div>\n\t\t<\/div>\n\t\t\t\t\t\t<\/div>\n\t\t\t\t<div class=\"elementor-element elementor-element-9514307 elementor-widget elementor-widget-image\" data-id=\"9514307\" data-element_type=\"widget\" data-e-type=\"widget\" data-widget_type=\"image.default\">\n\t\t\t\t\t\t\t\t\t\t\t\t\t\t\t<img fetchpriority=\"high\" decoding=\"async\" width=\"630\" height=\"588\" src=\"https:\/\/americaandina.com\/wp-content\/uploads\/2022\/07\/location7.jpg\" class=\"attachment-2048x2048 size-2048x2048 wp-image-6546\" alt=\"\" srcset=\"https:\/\/americaandina.com\/wp-content\/uploads\/2022\/07\/location7.jpg 630w, https:\/\/americaandina.com\/wp-content\/uploads\/2022\/07\/location7-300x280.jpg 300w\" sizes=\"(max-width: 630px) 100vw, 630px\" \/>\t\t\t\t\t\t\t\t\t\t\t\t\t\t\t<\/div>\n\t\t\t\t<div class=\"elementor-element elementor-element-ff5a265 elementor-widget elementor-widget-spacer\" data-id=\"ff5a265\" data-element_type=\"widget\" data-e-type=\"widget\" data-widget_type=\"spacer.default\">\n\t\t\t\t\t\t\t<div class=\"elementor-spacer\">\n\t\t\t<div class=\"elementor-spacer-inner\"><\/div>\n\t\t<\/div>\n\t\t\t\t\t\t<\/div>\n\t\t\t\t<div class=\"elementor-element elementor-element-ae0a06a elementor-widget elementor-widget-heading\" data-id=\"ae0a06a\" data-element_type=\"widget\" data-e-type=\"widget\" data-widget_type=\"heading.default\">\n\t\t\t\t\t<h1 class=\"elementor-heading-title elementor-size-default\">Acceso a destinos y experiencias de alto nivel<\/h1>\t\t\t\t<\/div>\n\t\t\t\t<div class=\"elementor-element elementor-element-afbcb1e elementor-widget elementor-widget-text-editor\" data-id=\"afbcb1e\" data-element_type=\"widget\" data-e-type=\"widget\" data-widget_type=\"text-editor.default\">\n\t\t\t\t\t\t\t\t\t<p class=\"p1\">La agencia cuenta con alianzas con hoteles cinco estrellas, l\u00edneas a\u00e9reas premium y operadores locales selectos, lo que permite ofrecer acceso privilegiado a lugares y experiencias fuera del alcance del turismo convencional.<\/p>\t\t\t\t\t\t\t\t<\/div>\n\t\t\t\t<\/div>\n\t\t\t\t<\/div>\n\t\t<div class=\"elementor-element elementor-element-f053113 e-con-full e-flex e-con e-parent\" data-id=\"f053113\" data-element_type=\"container\" data-e-type=\"container\" data-settings=\"{&quot;background_background&quot;:&quot;classic&quot;}\">\n\t\t<div class=\"elementor-element elementor-element-53d09e2 e-con-full e-flex e-con e-child\" data-id=\"53d09e2\" data-element_type=\"container\" data-e-type=\"container\">\n\t\t\t\t<div class=\"elementor-element elementor-element-a2af9e9 elementor-widget elementor-widget-heading\" data-id=\"a2af9e9\" data-element_type=\"widget\" data-e-type=\"widget\" data-widget_type=\"heading.default\">\n\t\t\t\t\t<h1 class=\"elementor-heading-title elementor-size-default\">Viaja con el m\u00e1ximo lujo <br>&amp; comodidad<\/h1>\t\t\t\t<\/div>\n\t\t\t\t<div class=\"elementor-element elementor-element-052478a elementor-widget elementor-widget-text-editor\" data-id=\"052478a\" data-element_type=\"widget\" data-e-type=\"widget\" data-widget_type=\"text-editor.default\">\n\t\t\t\t\t\t\t\t\t<p>Lorem ipsum dolor sit amet, consectetur adipiscing elit. Ut elit tellus, luctus nec ullamcorper mattis, pulvinar dapibus leo.<\/p>\t\t\t\t\t\t\t\t<\/div>\n\t\t\t\t<div class=\"elementor-element elementor-element-dd91735 elementor-widget elementor-widget-spacer\" data-id=\"dd91735\" data-element_type=\"widget\" data-e-type=\"widget\" data-widget_type=\"spacer.default\">\n\t\t\t\t\t\t\t<div class=\"elementor-spacer\">\n\t\t\t<div class=\"elementor-spacer-inner\"><\/div>\n\t\t<\/div>\n\t\t\t\t\t\t<\/div>\n\t\t\t\t<div class=\"elementor-element elementor-element-45683d7 elementor-widget elementor-widget-image\" data-id=\"45683d7\" data-element_type=\"widget\" data-e-type=\"widget\" data-widget_type=\"image.default\">\n\t\t\t\t\t\t\t\t\t\t\t\t\t\t\t<img fetchpriority=\"high\" decoding=\"async\" width=\"630\" height=\"588\" src=\"https:\/\/americaandina.com\/wp-content\/uploads\/2022\/07\/location7.jpg\" class=\"attachment-2048x2048 size-2048x2048 wp-image-6546\" alt=\"\" srcset=\"https:\/\/americaandina.com\/wp-content\/uploads\/2022\/07\/location7.jpg 630w, https:\/\/americaandina.com\/wp-content\/uploads\/2022\/07\/location7-300x280.jpg 300w\" sizes=\"(max-width: 630px) 100vw, 630px\" \/>\t\t\t\t\t\t\t\t\t\t\t\t\t\t\t<\/div>\n\t\t\t\t<div class=\"elementor-element elementor-element-a1003da elementor-widget elementor-widget-spacer\" data-id=\"a1003da\" data-element_type=\"widget\" data-e-type=\"widget\" data-widget_type=\"spacer.default\">\n\t\t\t\t\t\t\t<div class=\"elementor-spacer\">\n\t\t\t<div class=\"elementor-spacer-inner\"><\/div>\n\t\t<\/div>\n\t\t\t\t\t\t<\/div>\n\t\t\t\t<div class=\"elementor-element elementor-element-ceeeb70 elementor-widget elementor-widget-spacer\" data-id=\"ceeeb70\" data-element_type=\"widget\" data-e-type=\"widget\" data-widget_type=\"spacer.default\">\n\t\t\t\t\t\t\t<div class=\"elementor-spacer\">\n\t\t\t<div class=\"elementor-spacer-inner\"><\/div>\n\t\t<\/div>\n\t\t\t\t\t\t<\/div>\n\t\t\t\t<div class=\"elementor-element elementor-element-4fe16ad elementor-widget elementor-widget-heading\" data-id=\"4fe16ad\" data-element_type=\"widget\" data-e-type=\"widget\" data-widget_type=\"heading.default\">\n\t\t\t\t\t<h1 class=\"elementor-heading-title elementor-size-default\">Viaja con el m\u00e1ximo lujo <br>&amp; comodidad<\/h1>\t\t\t\t<\/div>\n\t\t\t\t<div class=\"elementor-element elementor-element-edd3ca3 elementor-widget elementor-widget-text-editor\" data-id=\"edd3ca3\" data-element_type=\"widget\" data-e-type=\"widget\" data-widget_type=\"text-editor.default\">\n\t\t\t\t\t\t\t\t\t<p>Lorem ipsum dolor sit amet, consectetur adipiscing elit. Ut elit tellus, luctus nec ullamcorper mattis, pulvinar dapibus leo.<\/p>\t\t\t\t\t\t\t\t<\/div>\n\t\t\t\t<\/div>\n\t\t\t\t<\/div>\n\t\t\t\t<\/div>","protected":false},"excerpt":{"rendered":"<p>Viaja con el m\u00e1ximo lujo &amp; comodidad Descubre una nueva forma de viajar, donde cada detalle est\u00e1 dise\u00f1ado para superar tus expectativas. Desde traslados privados y hoteles exclusivos hasta experiencias personalizadas en los destinos m\u00e1s cautivadores del mundo, disfruta del confort absoluto y la atenci\u00f3n que solo una agencia de viajes de lujo puede ofrecerte. [&hellip;]<\/p>\n","protected":false},"author":1,"featured_media":0,"parent":0,"menu_order":0,"comment_status":"closed","ping_status":"closed","template":"elementor_canvas","meta":{"footnotes":""},"class_list":["post-8667","page","type-page","status-publish","hentry"],"yoast_head":"<!-- This site is optimized with the Yoast SEO Premium plugin v26.8 (Yoast SEO v26.8) - https:\/\/yoast.com\/product\/yoast-seo-premium-wordpress\/ -->\n<title>Luxury - America Andina<\/title>\n<meta name=\"robots\" content=\"index, follow, max-snippet:-1, max-image-preview:large, max-video-preview:-1\" \/>\n<link rel=\"canonical\" href=\"https:\/\/americaandina.com\/en\/luxury\/\" \/>\n<meta property=\"og:locale\" content=\"en_US\" \/>\n<meta property=\"og:type\" content=\"article\" \/>\n<meta property=\"og:title\" content=\"Luxury\" \/>\n<meta property=\"og:description\" content=\"Viaja con el m\u00e1ximo lujo &amp; comodidad Descubre una nueva forma de viajar, donde cada detalle est\u00e1 dise\u00f1ado para superar tus expectativas. Desde traslados privados y hoteles exclusivos hasta experiencias personalizadas en los destinos m\u00e1s cautivadores del mundo, disfruta del confort absoluto y la atenci\u00f3n que solo una agencia de viajes de lujo puede ofrecerte. [&hellip;]\" \/>\n<meta property=\"og:url\" content=\"https:\/\/americaandina.com\/en\/luxury\/\" \/>\n<meta property=\"og:site_name\" content=\"America Andina\" \/>\n<meta property=\"article:publisher\" content=\"https:\/\/www.facebook.com\/AmericaAndina.Peru\/\" \/>\n<meta property=\"article:modified_time\" content=\"2025-10-07T02:29:42+00:00\" \/>\n<meta property=\"og:image\" content=\"https:\/\/americaandina.com\/wp-content\/uploads\/2022\/07\/location7.jpg\" \/>\n\t<meta property=\"og:image:width\" content=\"630\" \/>\n\t<meta property=\"og:image:height\" content=\"588\" \/>\n\t<meta property=\"og:image:type\" content=\"image\/jpeg\" \/>\n<meta name=\"twitter:card\" content=\"summary_large_image\" \/>\n<meta name=\"twitter:label1\" content=\"Est. reading time\" \/>\n\t<meta name=\"twitter:data1\" content=\"2 minutes\" \/>\n<script type=\"application\/ld+json\" class=\"yoast-schema-graph\">{\"@context\":\"https:\/\/schema.org\",\"@graph\":[{\"@type\":\"WebPage\",\"@id\":\"https:\/\/americaandina.com\/luxury\/\",\"url\":\"https:\/\/americaandina.com\/luxury\/\",\"name\":\"Luxury - America Andina\",\"isPartOf\":{\"@id\":\"https:\/\/americaandina.com\/#website\"},\"primaryImageOfPage\":{\"@id\":\"https:\/\/americaandina.com\/luxury\/#primaryimage\"},\"image\":{\"@id\":\"https:\/\/americaandina.com\/luxury\/#primaryimage\"},\"thumbnailUrl\":\"https:\/\/americaandina.com\/wp-content\/uploads\/2022\/07\/location7.jpg\",\"datePublished\":\"2025-10-07T02:24:55+00:00\",\"dateModified\":\"2025-10-07T02:29:42+00:00\",\"breadcrumb\":{\"@id\":\"https:\/\/americaandina.com\/luxury\/#breadcrumb\"},\"inLanguage\":\"en-US\",\"potentialAction\":[{\"@type\":\"ReadAction\",\"target\":[\"https:\/\/americaandina.com\/luxury\/\"]}]},{\"@type\":\"ImageObject\",\"inLanguage\":\"en-US\",\"@id\":\"https:\/\/americaandina.com\/luxury\/#primaryimage\",\"url\":\"https:\/\/americaandina.com\/wp-content\/uploads\/2022\/07\/location7.jpg\",\"contentUrl\":\"https:\/\/americaandina.com\/wp-content\/uploads\/2022\/07\/location7.jpg\"},{\"@type\":\"BreadcrumbList\",\"@id\":\"https:\/\/americaandina.com\/luxury\/#breadcrumb\",\"itemListElement\":[{\"@type\":\"ListItem\",\"position\":1,\"name\":\"Portada\",\"item\":\"https:\/\/americaandina.com\/\"},{\"@type\":\"ListItem\",\"position\":2,\"name\":\"Luxury\"}]},{\"@type\":\"WebSite\",\"@id\":\"https:\/\/americaandina.com\/#website\",\"url\":\"https:\/\/americaandina.com\/\",\"name\":\"America Andina\",\"description\":\"Tour Operador\",\"publisher\":{\"@id\":\"https:\/\/americaandina.com\/#organization\"},\"potentialAction\":[{\"@type\":\"SearchAction\",\"target\":{\"@type\":\"EntryPoint\",\"urlTemplate\":\"https:\/\/americaandina.com\/?s={search_term_string}\"},\"query-input\":{\"@type\":\"PropertyValueSpecification\",\"valueRequired\":true,\"valueName\":\"search_term_string\"}}],\"inLanguage\":\"en-US\"},{\"@type\":\"Organization\",\"@id\":\"https:\/\/americaandina.com\/#organization\",\"name\":\"America Andina\",\"url\":\"https:\/\/americaandina.com\/\",\"logo\":{\"@type\":\"ImageObject\",\"inLanguage\":\"en-US\",\"@id\":\"https:\/\/americaandina.com\/#\/schema\/logo\/image\/\",\"url\":\"https:\/\/americaandina.com\/wp-content\/uploads\/2025\/09\/cropped-AMERICA-WEB-3.png\",\"contentUrl\":\"https:\/\/americaandina.com\/wp-content\/uploads\/2025\/09\/cropped-AMERICA-WEB-3.png\",\"width\":512,\"height\":512,\"caption\":\"America Andina\"},\"image\":{\"@id\":\"https:\/\/americaandina.com\/#\/schema\/logo\/image\/\"},\"sameAs\":[\"https:\/\/www.facebook.com\/AmericaAndina.Peru\/\",\"https:\/\/www.instagram.com\/americaandina\/\"]}]}<\/script>\n<!-- \/ Yoast SEO Premium plugin. -->","yoast_head_json":{"title":"Luxury - America Andina","robots":{"index":"index","follow":"follow","max-snippet":"max-snippet:-1","max-image-preview":"max-image-preview:large","max-video-preview":"max-video-preview:-1"},"canonical":"https:\/\/americaandina.com\/en\/luxury\/","og_locale":"en_US","og_type":"article","og_title":"Luxury","og_description":"Viaja con el m\u00e1ximo lujo &amp; comodidad Descubre una nueva forma de viajar, donde cada detalle est\u00e1 dise\u00f1ado para superar tus expectativas. Desde traslados privados y hoteles exclusivos hasta experiencias personalizadas en los destinos m\u00e1s cautivadores del mundo, disfruta del confort absoluto y la atenci\u00f3n que solo una agencia de viajes de lujo puede ofrecerte. [&hellip;]","og_url":"https:\/\/americaandina.com\/en\/luxury\/","og_site_name":"America Andina","article_publisher":"https:\/\/www.facebook.com\/AmericaAndina.Peru\/","article_modified_time":"2025-10-07T02:29:42+00:00","og_image":[{"width":630,"height":588,"url":"https:\/\/americaandina.com\/wp-content\/uploads\/2022\/07\/location7.jpg","type":"image\/jpeg"}],"twitter_card":"summary_large_image","twitter_misc":{"Est. reading time":"2 minutes"},"schema":{"@context":"https:\/\/schema.org","@graph":[{"@type":"WebPage","@id":"https:\/\/americaandina.com\/luxury\/","url":"https:\/\/americaandina.com\/luxury\/","name":"Luxury - America Andina","isPartOf":{"@id":"https:\/\/americaandina.com\/#website"},"primaryImageOfPage":{"@id":"https:\/\/americaandina.com\/luxury\/#primaryimage"},"image":{"@id":"https:\/\/americaandina.com\/luxury\/#primaryimage"},"thumbnailUrl":"https:\/\/americaandina.com\/wp-content\/uploads\/2022\/07\/location7.jpg","datePublished":"2025-10-07T02:24:55+00:00","dateModified":"2025-10-07T02:29:42+00:00","breadcrumb":{"@id":"https:\/\/americaandina.com\/luxury\/#breadcrumb"},"inLanguage":"en-US","potentialAction":[{"@type":"ReadAction","target":["https:\/\/americaandina.com\/luxury\/"]}]},{"@type":"ImageObject","inLanguage":"en-US","@id":"https:\/\/americaandina.com\/luxury\/#primaryimage","url":"https:\/\/americaandina.com\/wp-content\/uploads\/2022\/07\/location7.jpg","contentUrl":"https:\/\/americaandina.com\/wp-content\/uploads\/2022\/07\/location7.jpg"},{"@type":"BreadcrumbList","@id":"https:\/\/americaandina.com\/luxury\/#breadcrumb","itemListElement":[{"@type":"ListItem","position":1,"name":"Portada","item":"https:\/\/americaandina.com\/"},{"@type":"ListItem","position":2,"name":"Luxury"}]},{"@type":"WebSite","@id":"https:\/\/americaandina.com\/#website","url":"https:\/\/americaandina.com\/","name":"America Andina","description":"Tour Operator","publisher":{"@id":"https:\/\/americaandina.com\/#organization"},"potentialAction":[{"@type":"SearchAction","target":{"@type":"EntryPoint","urlTemplate":"https:\/\/americaandina.com\/?s={search_term_string}"},"query-input":{"@type":"PropertyValueSpecification","valueRequired":true,"valueName":"search_term_string"}}],"inLanguage":"en-US"},{"@type":"Organization","@id":"https:\/\/americaandina.com\/#organization","name":"America Andina","url":"https:\/\/americaandina.com\/","logo":{"@type":"ImageObject","inLanguage":"en-US","@id":"https:\/\/americaandina.com\/#\/schema\/logo\/image\/","url":"https:\/\/americaandina.com\/wp-content\/uploads\/2025\/09\/cropped-AMERICA-WEB-3.png","contentUrl":"https:\/\/americaandina.com\/wp-content\/uploads\/2025\/09\/cropped-AMERICA-WEB-3.png","width":512,"height":512,"caption":"America Andina"},"image":{"@id":"https:\/\/americaandina.com\/#\/schema\/logo\/image\/"},"sameAs":["https:\/\/www.facebook.com\/AmericaAndina.Peru\/","https:\/\/www.instagram.com\/americaandina\/"]}]}},"jetpack_sharing_enabled":true,"_links":{"self":[{"href":"https:\/\/americaandina.com\/en\/wp-json\/wp\/v2\/pages\/8667","targetHints":{"allow":["GET"]}}],"collection":[{"href":"https:\/\/americaandina.com\/en\/wp-json\/wp\/v2\/pages"}],"about":[{"href":"https:\/\/americaandina.com\/en\/wp-json\/wp\/v2\/types\/page"}],"author":[{"embeddable":true,"href":"https:\/\/americaandina.com\/en\/wp-json\/wp\/v2\/users\/1"}],"replies":[{"embeddable":true,"href":"https:\/\/americaandina.com\/en\/wp-json\/wp\/v2\/comments?post=8667"}],"version-history":[{"count":9,"href":"https:\/\/americaandina.com\/en\/wp-json\/wp\/v2\/pages\/8667\/revisions"}],"predecessor-version":[{"id":8707,"href":"https:\/\/americaandina.com\/en\/wp-json\/wp\/v2\/pages\/8667\/revisions\/8707"}],"wp:attachment":[{"href":"https:\/\/americaandina.com\/en\/wp-json\/wp\/v2\/media?parent=8667"}],"curies":[{"name":"wp","href":"https:\/\/api.w.org\/{rel}","templated":true}]}}